{"id":320,"date":"2021-07-29T01:00:23","date_gmt":"2021-07-29T05:00:23","guid":{"rendered":"http:\/\/atlanticcollegesatlantique.ca\/?page_id=320"},"modified":"2024-03-31T00:40:00","modified_gmt":"2024-03-31T04:40:00","slug":"new-brunswick-community-college-information-technology","status":"publish","type":"page","link":"https:\/\/atlanticcollegesatlantique.ca\/fr\/new-brunswick-community-college-information-technology\/","title":{"rendered":"College of the North Atlantic \u2013 Technologies de l\u2019information et des communications"},"content":{"rendered":"<div data-elementor-type=\"wp-page\" data-elementor-id=\"320\" class=\"elementor elementor-320\" data-elementor-post-type=\"page\">\n\t\t\t\t\t\t<section class=\"elementor-section elementor-top-section elementor-element elementor-element-220f376 elementor-section-boxed elementor-section-height-default elementor-section-height-default\" data-id=\"220f376\" data-element_type=\"section\">\n\t\t\t\t\t\t<div class=\"elementor-container elementor-column-gap-default\">\n\t\t\t\t\t<div class=\"elementor-column elementor-col-100 elementor-top-column elementor-element elementor-element-ebdc541\" data-id=\"ebdc541\" data-element_type=\"column\">\n\t\t\t<div class=\"elementor-widget-wrap elementor-element-populated\">\n\t\t\t\t\t\t<div class=\"elementor-element elementor-element-48faf5d elementor-skin-carousel elementor-arrows-yes elementor-pagination-type-bullets elementor-pagination-position-outside elementor-widget elementor-widget-media-carousel\" data-id=\"48faf5d\" data-element_type=\"widget\" data-settings=\"{&quot;skin&quot;:&quot;carousel&quot;,&quot;effect&quot;:&quot;slide&quot;,&quot;show_arrows&quot;:&quot;yes&quot;,&quot;pagination&quot;:&quot;bullets&quot;,&quot;speed&quot;:500,&quot;autoplay&quot;:&quot;yes&quot;,&quot;autoplay_speed&quot;:5000,&quot;loop&quot;:&quot;yes&quot;,&quot;pause_on_hover&quot;:&quot;yes&quot;,&quot;pause_on_interaction&quot;:&quot;yes&quot;,&quot;space_between&quot;:{&quot;unit&quot;:&quot;px&quot;,&quot;size&quot;:10,&quot;sizes&quot;:[]},&quot;space_between_tablet&quot;:{&quot;unit&quot;:&quot;px&quot;,&quot;size&quot;:10,&quot;sizes&quot;:[]},&quot;space_between_mobile&quot;:{&quot;unit&quot;:&quot;px&quot;,&quot;size&quot;:10,&quot;sizes&quot;:[]}}\" data-widget_type=\"media-carousel.default\">\n\t\t\t\t<div class=\"elementor-widget-container\">\n\t\t\t\t\t\t\t\t\t<div class=\"elementor-swiper\">\n\t\t\t\t\t<div class=\"elementor-main-swiper swiper\" role=\"region\" aria-roledescription=\"carousel\" aria-label=\"Slides\">\n\t\t\t\t<div class=\"swiper-wrapper\">\n\t\t\t\t\t\t\t\t\t\t\t<div class=\"swiper-slide\" role=\"group\" aria-roledescription=\"slide\">\n\t\t\t\t\t\t\t\t\t<div class=\"elementor-carousel-image\" role=\"img\" aria-label=\"NBCC  - IT\" style=\"background-image: url(&#039;https:\/\/atlanticcollegesatlantique.ca\/wp-content\/uploads\/2021\/07\/D2A5281.jpg&#039;)\">\n\n\t\t\t\n\t\t\t\t\t<\/div>\n\t\t\t\t\t\t\t\t<\/div>\n\t\t\t\t\t\t\t\t\t\t\t<div class=\"swiper-slide\" role=\"group\" aria-roledescription=\"slide\">\n\t\t\t\t\t\t\t\t\t<div class=\"elementor-carousel-image\" role=\"img\" aria-label=\"NBCC  - IT\" style=\"background-image: url(&#039;https:\/\/atlanticcollegesatlantique.ca\/wp-content\/uploads\/2021\/07\/D2A8317.jpg&#039;)\">\n\n\t\t\t\n\t\t\t\t\t<\/div>\n\t\t\t\t\t\t\t\t<\/div>\n\t\t\t\t\t\t\t\t\t\t\t<div class=\"swiper-slide\" role=\"group\" aria-roledescription=\"slide\">\n\t\t\t\t\t\t\t\t\t<div class=\"elementor-carousel-image\" role=\"img\" aria-label=\"deadline, technology and people concept - happy creative man with tablet pc computer working at night office\" style=\"background-image: url(&#039;https:\/\/atlanticcollegesatlantique.ca\/wp-content\/uploads\/2021\/07\/AdobeStock_201519127-scaled.jpeg&#039;)\">\n\n\t\t\t\n\t\t\t\t\t<\/div>\n\t\t\t\t\t\t\t\t<\/div>\n\t\t\t\t\t\t\t\t\t\t\t<div class=\"swiper-slide\" role=\"group\" aria-roledescription=\"slide\">\n\t\t\t\t\t\t\t\t\t<div class=\"elementor-carousel-image\" role=\"img\" aria-label=\"NBCC  - IT\" style=\"background-image: url(&#039;https:\/\/atlanticcollegesatlantique.ca\/wp-content\/uploads\/2021\/07\/IMG_9502-scaled.jpg&#039;)\">\n\n\t\t\t\n\t\t\t\t\t<\/div>\n\t\t\t\t\t\t\t\t<\/div>\n\t\t\t\t\t\t\t\t\t<\/div>\n\t\t\t\t\t\t\t\t\t\t\t\t\t\t\t<div class=\"elementor-swiper-button elementor-swiper-button-prev\" role=\"button\" tabindex=\"0\" aria-label=\"Previous\">\n\t\t\t\t\t\t\t<i aria-hidden=\"true\" class=\"eicon-chevron-left\"><\/i>\t\t\t\t\t\t<\/div>\n\t\t\t\t\t\t<div class=\"elementor-swiper-button elementor-swiper-button-next\" role=\"button\" tabindex=\"0\" aria-label=\"Next\">\n\t\t\t\t\t\t\t<i aria-hidden=\"true\" class=\"eicon-chevron-right\"><\/i>\t\t\t\t\t\t<\/div>\n\t\t\t\t\t\t\t\t\t\t\t\t\t\t\t\t<div class=\"swiper-pagination\"><\/div>\n\t\t\t\t\t\t\t\t\t\t\t\t<\/div>\n\t\t\t\t<\/div>\n\t\t\t\t\t\t\t\t<\/div>\n\t\t\t\t<\/div>\n\t\t\t\t\t<\/div>\n\t\t<\/div>\n\t\t\t\t\t<\/div>\n\t\t<\/section>\n\t\t\t\t<section class=\"elementor-section elementor-top-section elementor-element elementor-element-55f6a69 elementor-section-boxed elementor-section-height-default elementor-section-height-default\" data-id=\"55f6a69\" data-element_type=\"section\">\n\t\t\t\t\t\t<div class=\"elementor-container elementor-column-gap-default\">\n\t\t\t\t\t<div class=\"elementor-column elementor-col-100 elementor-top-column elementor-element elementor-element-30c7317\" data-id=\"30c7317\" data-element_type=\"column\">\n\t\t\t<div class=\"elementor-widget-wrap elementor-element-populated\">\n\t\t\t\t\t\t<div class=\"elementor-element elementor-element-3edfd9c elementor-widget elementor-widget-image\" data-id=\"3edfd9c\" data-element_type=\"widget\" data-widget_type=\"image.default\">\n\t\t\t\t<div class=\"elementor-widget-container\">\n\t\t\t\t\t\t\t\t\t\t\t\t\t\t\t<img decoding=\"async\" width=\"254\" height=\"68\" src=\"https:\/\/atlanticcollegesatlantique.ca\/wp-content\/uploads\/2021\/06\/Screen-Shot-2021-06-24-at-10.29.21-PM.png\" class=\"attachment-full size-full wp-image-107\" alt=\"NBCC Logo\" srcset=\"https:\/\/atlanticcollegesatlantique.ca\/wp-content\/uploads\/2021\/06\/Screen-Shot-2021-06-24-at-10.29.21-PM.png 254w, https:\/\/atlanticcollegesatlantique.ca\/wp-content\/uploads\/2021\/06\/Screen-Shot-2021-06-24-at-10.29.21-PM-16x4.png 16w\" sizes=\"(max-width: 254px) 100vw, 254px\" \/>\t\t\t\t\t\t\t\t\t\t\t\t\t\t\t<\/div>\n\t\t\t\t<\/div>\n\t\t\t\t\t<\/div>\n\t\t<\/div>\n\t\t\t\t\t<\/div>\n\t\t<\/section>\n\t\t\t\t<section class=\"elementor-section elementor-top-section elementor-element elementor-element-4ed4c0d elementor-section-boxed elementor-section-height-default elementor-section-height-default\" data-id=\"4ed4c0d\" data-element_type=\"section\" data-no-translation=\"\">\n\t\t\t\t\t\t<div class=\"elementor-container elementor-column-gap-default\">\n\t\t\t\t\t<div class=\"elementor-column elementor-col-100 elementor-top-column elementor-element elementor-element-4574c37\" data-id=\"4574c37\" data-element_type=\"column\">\n\t\t\t<div class=\"elementor-widget-wrap elementor-element-populated\">\n\t\t\t\t\t\t<div class=\"elementor-element elementor-element-1ff8282 elementor-widget elementor-widget-text-editor\" data-id=\"1ff8282\" data-element_type=\"widget\" data-widget_type=\"text-editor.default\">\n\t\t\t\t<div class=\"elementor-widget-container\">\n\t\t\t\t\t\t\t\t\t<h4>Sommaire du programme<\/h4>\t\t\t\t\t\t\t\t<\/div>\n\t\t\t\t<\/div>\n\t\t\t\t\t<\/div>\n\t\t<\/div>\n\t\t\t\t\t<\/div>\n\t\t<\/section>\n\t\t\t\t<section class=\"elementor-section elementor-top-section elementor-element elementor-element-f6a0059 elementor-section-boxed elementor-section-height-default elementor-section-height-default\" data-id=\"f6a0059\" data-element_type=\"section\" data-no-translation=\"\">\n\t\t\t\t\t\t<div class=\"elementor-container elementor-column-gap-default\">\n\t\t\t\t\t<div class=\"elementor-column elementor-col-100 elementor-top-column elementor-element elementor-element-f288564\" data-id=\"f288564\" data-element_type=\"column\">\n\t\t\t<div class=\"elementor-widget-wrap elementor-element-populated\">\n\t\t\t\t\t\t<div class=\"elementor-element elementor-element-174f3e2 elementor-widget elementor-widget-video\" data-id=\"174f3e2\" data-element_type=\"widget\" data-settings=\"{&quot;youtube_url&quot;:&quot;https:\\\/\\\/www.youtube.com\\\/watch?v=Tcw1DXB1bR4&quot;,&quot;video_type&quot;:&quot;youtube&quot;,&quot;controls&quot;:&quot;yes&quot;}\" data-widget_type=\"video.default\">\n\t\t\t\t<div class=\"elementor-widget-container\">\n\t\t\t\t\t\t\t<div class=\"elementor-wrapper elementor-open-inline\">\n\t\t\t<div class=\"elementor-video\"><\/div>\t\t<\/div>\n\t\t\t\t\t\t<\/div>\n\t\t\t\t<\/div>\n\t\t\t\t<div class=\"elementor-element elementor-element-9049c0e elementor-widget elementor-widget-text-editor\" data-id=\"9049c0e\" data-element_type=\"widget\" data-widget_type=\"text-editor.default\">\n\t\t\t\t<div class=\"elementor-widget-container\">\n\t\t\t\t\t\t\t\t\t<p>Le projet pilote d&#8217;\u00e9valuation et de reconnaissance des acquis (ERA) du NBCC vise \u00e0 offrir \u00e0 chaque personne une voie vers la reconnaissance officielle de son exp\u00e9rience de vie, de travail et de formation non formelle. Le projet pilote mettra l\u2019accent sur les cours de premi\u00e8re ann\u00e9e de deux programmes du NBCC dans le secteur des TI d&#8217;ici l&#8217;automne 2022.<\/p><p>Au-del\u00e0 de ces programmes, le projet pilote \u00e9tablira des objectifs et des recommandations pour une expansion future \u00e0 d&#8217;autres secteurs. Le NBCC mettra en \u0153uvre des solutions innovatrices pour assurer des processus d&#8217;\u00e9valuation efficaces qui aideront les \u00e9tudiants \u00e0 d\u00e9velopper des portfolios individuels de comp\u00e9tences.<\/p><h4>Conditions d\u2019admission<\/h4><p>Ce projet pilote du NBCC est ouvert \u00e0 tous les \u00e9tudiants potentiels ayant un apprentissage exp\u00e9rientiel ou non formel pertinent pour les programmes de technologie de l&#8217;information suivants : (1) Programmeur-analyste, et (2) D\u00e9veloppement d&#8217;applications Web et mobiles. Si le candidat poss\u00e8de des acquis \u00e9quivalents \u00e0 certains ou \u00e0 tous les cours de premi\u00e8re ann\u00e9e de ces programmes, il pourrait \u00eatre un bon candidat pour l&#8217;\u00e9valuation et la reconnaissance des acquis. Apr\u00e8s avoir effectu\u00e9 une auto-\u00e9valuation, les candidats accept\u00e9s doivent \u00eatre pr\u00eats \u00e0 fournir des preuves de leurs apprentissages ant\u00e9rieurs, en utilisant une vari\u00e9t\u00e9 de m\u00e9thodes approuv\u00e9es (en fonction du sujet). Cet ensemble de preuves peut comprendre des explications \u00e9crites ou orales, des d\u00e9monstrations vid\u00e9o, des \u00e9chantillons de travail, etc. Ensemble, ces \u00e9l\u00e9ments formeront un portfolio d&#8217;apprentissage qui pourra \u00eatre \u00e9valu\u00e9 pour l&#8217;obtention de cr\u00e9dits.<\/p><p>Pour en savoir plus au sujet de cette initiative, veuillez communiquer avec <a href=\"mailto:Patrick.Reinartz@nbcc.ca\">Patrick.Reinartz@nbcc.ca<\/a>.<\/p><p>Les candidats doivent garder \u00e0 l&#8217;esprit que la reconnaissance des acquis peut avoir une incidence sur leur statut d&#8217;\u00e9tudiant \u00e0 temps plein. Les \u00e9tudiants doivent obtenir au moins 25 % des cr\u00e9dits de leur programme aupr\u00e8s du NBCC pour recevoir un certificat ou un dipl\u00f4me du NBCC.<\/p><h4>Dur\u00e9e du programme<\/h4><p>Ce projet pilote concerne les candidats inscrits \u00e0 partir de l&#8217;automne 2021. Les candidats seront invit\u00e9s \u00e0 participer \u00e0 une activit\u00e9 d&#8217;auto-\u00e9valuation pour lancer le processus. Une fois les candidats approuv\u00e9s, un guide sera disponible pour les aider \u00e0 commencer \u00e0 rassembler le mat\u00e9riel dont ils auront besoin pour d\u00e9montrer leurs apprentissages, et pour s&#8217;assurer que ces apprentissages sont bien document\u00e9s.<\/p><h4>\u00c9quit\u00e9 et diversit\u00e9<\/h4><p>Ce programme vise \u00e0 offrir de nouvelles voies d&#8217;apprentissage et des possibilit\u00e9s de perfectionnement aux immigrants et aux nouveaux arrivants, ainsi qu&#8217;aux apprenants des r\u00e9gions rurales et qui \u00e9tudient \u00e0 distance, et aux travailleurs \u00e0 mi-carri\u00e8re.<\/p><h4>Partenaires de l\u2019industrie<\/h4><ul><li><a href=\"https:\/\/www.troj.ai\/\">TrojAI (Saint John, N.-B.)<\/a><\/li><li><a href=\"https:\/\/htsp.ca\/\">Hotspot Parking (Fredericton, N.-B.)<\/a><\/li><li><a href=\"https:\/\/remsoft.com\/\">Remsoft (Fredericton, N.-B.)<\/a><\/li><\/ul><p>\u00a0<\/p>\t\t\t\t\t\t\t\t<\/div>\n\t\t\t\t<\/div>\n\t\t\t\t\t<\/div>\n\t\t<\/div>\n\t\t\t\t\t<\/div>\n\t\t<\/section>\n\t\t\t\t<section class=\"elementor-section elementor-top-section elementor-element elementor-element-3e94dd3 elementor-section-boxed elementor-section-height-default elementor-section-height-default\" data-id=\"3e94dd3\" data-element_type=\"section\" data-settings=\"{&quot;background_background&quot;:&quot;classic&quot;}\">\n\t\t\t\t\t\t<div class=\"elementor-container elementor-column-gap-default\">\n\t\t\t\t\t<div class=\"elementor-column elementor-col-100 elementor-top-column elementor-element elementor-element-f55b2fa\" data-id=\"f55b2fa\" data-element_type=\"column\">\n\t\t\t<div class=\"elementor-widget-wrap elementor-element-populated\">\n\t\t\t\t\t\t<div class=\"elementor-element elementor-element-a404c2d elementor-widget elementor-widget-heading\" data-id=\"a404c2d\" data-element_type=\"widget\" data-widget_type=\"heading.default\">\n\t\t\t\t<div class=\"elementor-widget-container\">\n\t\t\t\t\t<h2 class=\"elementor-heading-title elementor-size-default\">Project Final Report<\/h2>\t\t\t\t<\/div>\n\t\t\t\t<\/div>\n\t\t\t\t\t<\/div>\n\t\t<\/div>\n\t\t\t\t\t<\/div>\n\t\t<\/section>\n\t\t\t\t<section class=\"elementor-section elementor-top-section elementor-element elementor-element-387adcd elementor-section-boxed elementor-section-height-default elementor-section-height-default\" data-id=\"387adcd\" data-element_type=\"section\">\n\t\t\t\t\t\t<div class=\"elementor-container elementor-column-gap-default\">\n\t\t\t\t\t<div class=\"elementor-column elementor-col-100 elementor-top-column elementor-element elementor-element-8ad9882\" data-id=\"8ad9882\" data-element_type=\"column\">\n\t\t\t<div class=\"elementor-widget-wrap elementor-element-populated\">\n\t\t\t\t\t\t<div class=\"elementor-element elementor-element-e80a1eb elementor-widget elementor-widget-video\" data-id=\"e80a1eb\" data-element_type=\"widget\" data-settings=\"{&quot;video_type&quot;:&quot;hosted&quot;,&quot;show_image_overlay&quot;:&quot;yes&quot;,&quot;image_overlay&quot;:{&quot;url&quot;:&quot;http:\\\/\\\/atlanticcollegesatlantique.ca\\\/wp-content\\\/uploads\\\/2024\\\/03\\\/NBCC.png&quot;,&quot;id&quot;:1040,&quot;size&quot;:&quot;&quot;,&quot;alt&quot;:&quot;&quot;,&quot;source&quot;:&quot;library&quot;},&quot;controls&quot;:&quot;yes&quot;}\" data-widget_type=\"video.default\">\n\t\t\t\t<div class=\"elementor-widget-container\">\n\t\t\t\t\t\t\t<div class=\"e-hosted-video elementor-wrapper elementor-open-inline\">\n\t\t\t\t\t<video class=\"elementor-video\" src=\"http:\/\/atlanticcollegesatlantique.ca\/wp-content\/uploads\/2024\/03\/NBCC.mp4\" controls=\"\" preload=\"metadata\" controlslist=\"nodownload\"><\/video>\n\t\t\t\t\t\t<div class=\"elementor-custom-embed-image-overlay\" style=\"background-image: url(https:\/\/atlanticcollegesatlantique.ca\/wp-content\/uploads\/2024\/03\/NBCC.webp);\">\n\t\t\t\t\t\t\t\t\t\t\t\t\t\t\t\t<div class=\"elementor-custom-embed-play\" role=\"button\" aria-label=\"Play Video\" tabindex=\"0\">\n\t\t\t\t\t\t\t<i aria-hidden=\"true\" class=\"eicon-play\"><\/i>\t\t\t\t\t\t<\/div>\n\t\t\t\t\t\t\t\t\t<\/div>\n\t\t\t\t\t<\/div>\n\t\t\t\t\t\t<\/div>\n\t\t\t\t<\/div>\n\t\t\t\t\t<\/div>\n\t\t<\/div>\n\t\t\t\t\t<\/div>\n\t\t<\/section>\n\t\t\t\t<\/div>","protected":false},"excerpt":{"rendered":"<p>Previous Next Program summary https:\/\/www.youtube.com\/watch?v=Tcw1DXB1bR4 NBCC\u2019s Prior Learning Assessment and Recognition (PLAR) pilot program aims to provide everyone with a pathway to formal recognition for their learned life, work, and non-formal training experience. The pilot will focus on first-year courses in two NBCC programs in the IT sector between now and the Fall of 2022. [&hellip;]<\/p>","protected":false},"author":1,"featured_media":0,"parent":0,"menu_order":0,"comment_status":"closed","ping_status":"closed","template":"","meta":{"footnotes":""},"class_list":["post-320","page","type-page","status-publish","hentry"],"yoast_head":"<!-- This site is optimized with the Yoast SEO plugin v27.5 - https:\/\/yoast.com\/product\/yoast-seo-wordpress\/ -->\n<title>New Brunswick Community College \u2013 Information Technology - Atlantic Colleges Atlantique<\/title>\n<meta name=\"robots\" content=\"index, follow, max-snippet:-1, max-image-preview:large, max-video-preview:-1\" \/>\n<link rel=\"canonical\" href=\"https:\/\/atlanticcollegesatlantique.ca\/fr\/new-brunswick-community-college-information-technology\/\" \/>\n<meta property=\"og:locale\" content=\"fr_CA\" \/>\n<meta property=\"og:type\" content=\"article\" \/>\n<meta property=\"og:title\" content=\"New Brunswick Community College \u2013 Information Technology - Atlantic Colleges Atlantique\" \/>\n<meta property=\"og:description\" content=\"Previous Next Program summary https:\/\/www.youtube.com\/watch?v=Tcw1DXB1bR4 NBCC\u2019s Prior Learning Assessment and Recognition (PLAR) pilot program aims to provide everyone with a pathway to formal recognition for their learned life, work, and non-formal training experience. The pilot will focus on first-year courses in two NBCC programs in the IT sector between now and the Fall of 2022. [&hellip;]\" \/>\n<meta property=\"og:url\" content=\"https:\/\/atlanticcollegesatlantique.ca\/fr\/new-brunswick-community-college-information-technology\/\" \/>\n<meta property=\"og:site_name\" content=\"Atlantic Colleges Atlantique\" \/>\n<meta property=\"article:modified_time\" content=\"2024-03-31T04:40:00+00:00\" \/>\n<meta property=\"og:image\" content=\"http:\/\/atlanticcollegesatlantique.ca\/wp-content\/uploads\/2021\/06\/Screen-Shot-2021-06-24-at-10.29.21-PM.png\" \/>\n<meta name=\"twitter:card\" content=\"summary_large_image\" \/>\n<meta name=\"twitter:label1\" content=\"Estimation du temps de lecture\" \/>\n\t<meta name=\"twitter:data1\" content=\"9 minutes\" \/>\n<script type=\"application\/ld+json\" class=\"yoast-schema-graph\">{\"@context\":\"https:\\\/\\\/schema.org\",\"@graph\":[{\"@type\":\"WebPage\",\"@id\":\"https:\\\/\\\/atlanticcollegesatlantique.ca\\\/new-brunswick-community-college-information-technology\\\/\",\"url\":\"https:\\\/\\\/atlanticcollegesatlantique.ca\\\/new-brunswick-community-college-information-technology\\\/\",\"name\":\"New Brunswick Community College \u2013 Information Technology - Atlantic Colleges Atlantique\",\"isPartOf\":{\"@id\":\"https:\\\/\\\/atlanticcollegesatlantique.ca\\\/#website\"},\"primaryImageOfPage\":{\"@id\":\"https:\\\/\\\/atlanticcollegesatlantique.ca\\\/new-brunswick-community-college-information-technology\\\/#primaryimage\"},\"image\":{\"@id\":\"https:\\\/\\\/atlanticcollegesatlantique.ca\\\/new-brunswick-community-college-information-technology\\\/#primaryimage\"},\"thumbnailUrl\":\"http:\\\/\\\/atlanticcollegesatlantique.ca\\\/wp-content\\\/uploads\\\/2021\\\/06\\\/Screen-Shot-2021-06-24-at-10.29.21-PM.png\",\"datePublished\":\"2021-07-29T05:00:23+00:00\",\"dateModified\":\"2024-03-31T04:40:00+00:00\",\"breadcrumb\":{\"@id\":\"https:\\\/\\\/atlanticcollegesatlantique.ca\\\/new-brunswick-community-college-information-technology\\\/#breadcrumb\"},\"inLanguage\":\"fr-CA\",\"potentialAction\":[{\"@type\":\"ReadAction\",\"target\":[\"https:\\\/\\\/atlanticcollegesatlantique.ca\\\/new-brunswick-community-college-information-technology\\\/\"]}]},{\"@type\":\"ImageObject\",\"inLanguage\":\"fr-CA\",\"@id\":\"https:\\\/\\\/atlanticcollegesatlantique.ca\\\/new-brunswick-community-college-information-technology\\\/#primaryimage\",\"url\":\"http:\\\/\\\/atlanticcollegesatlantique.ca\\\/wp-content\\\/uploads\\\/2021\\\/06\\\/Screen-Shot-2021-06-24-at-10.29.21-PM.png\",\"contentUrl\":\"http:\\\/\\\/atlanticcollegesatlantique.ca\\\/wp-content\\\/uploads\\\/2021\\\/06\\\/Screen-Shot-2021-06-24-at-10.29.21-PM.png\"},{\"@type\":\"BreadcrumbList\",\"@id\":\"https:\\\/\\\/atlanticcollegesatlantique.ca\\\/new-brunswick-community-college-information-technology\\\/#breadcrumb\",\"itemListElement\":[{\"@type\":\"ListItem\",\"position\":1,\"name\":\"Home\",\"item\":\"https:\\\/\\\/atlanticcollegesatlantique.ca\\\/\"},{\"@type\":\"ListItem\",\"position\":2,\"name\":\"New Brunswick Community College \u2013 Information Technology\"}]},{\"@type\":\"WebSite\",\"@id\":\"https:\\\/\\\/atlanticcollegesatlantique.ca\\\/#website\",\"url\":\"https:\\\/\\\/atlanticcollegesatlantique.ca\\\/\",\"name\":\"Atlantic Colleges Atlantique\",\"description\":\"\",\"publisher\":{\"@id\":\"https:\\\/\\\/atlanticcollegesatlantique.ca\\\/#organization\"},\"potentialAction\":[{\"@type\":\"SearchAction\",\"target\":{\"@type\":\"EntryPoint\",\"urlTemplate\":\"https:\\\/\\\/atlanticcollegesatlantique.ca\\\/?s={search_term_string}\"},\"query-input\":{\"@type\":\"PropertyValueSpecification\",\"valueRequired\":true,\"valueName\":\"search_term_string\"}}],\"inLanguage\":\"fr-CA\"},{\"@type\":\"Organization\",\"@id\":\"https:\\\/\\\/atlanticcollegesatlantique.ca\\\/#organization\",\"name\":\"Atlantic Colleges Atlantique\",\"url\":\"https:\\\/\\\/atlanticcollegesatlantique.ca\\\/\",\"logo\":{\"@type\":\"ImageObject\",\"inLanguage\":\"fr-CA\",\"@id\":\"https:\\\/\\\/atlanticcollegesatlantique.ca\\\/#\\\/schema\\\/logo\\\/image\\\/\",\"url\":\"https:\\\/\\\/atlanticcollegesatlantique.ca\\\/wp-content\\\/uploads\\\/2021\\\/06\\\/web-logoAsset-1.png\",\"contentUrl\":\"https:\\\/\\\/atlanticcollegesatlantique.ca\\\/wp-content\\\/uploads\\\/2021\\\/06\\\/web-logoAsset-1.png\",\"width\":183,\"height\":70,\"caption\":\"Atlantic Colleges Atlantique\"},\"image\":{\"@id\":\"https:\\\/\\\/atlanticcollegesatlantique.ca\\\/#\\\/schema\\\/logo\\\/image\\\/\"}}]}<\/script>\n<!-- \/ Yoast SEO plugin. -->","yoast_head_json":{"title":"New Brunswick Community College \u2013 Information Technology - Atlantic Colleges Atlantique","robots":{"index":"index","follow":"follow","max-snippet":"max-snippet:-1","max-image-preview":"max-image-preview:large","max-video-preview":"max-video-preview:-1"},"canonical":"https:\/\/atlanticcollegesatlantique.ca\/fr\/new-brunswick-community-college-information-technology\/","og_locale":"fr_CA","og_type":"article","og_title":"New Brunswick Community College \u2013 Information Technology - Atlantic Colleges Atlantique","og_description":"Previous Next Program summary https:\/\/www.youtube.com\/watch?v=Tcw1DXB1bR4 NBCC\u2019s Prior Learning Assessment and Recognition (PLAR) pilot program aims to provide everyone with a pathway to formal recognition for their learned life, work, and non-formal training experience. The pilot will focus on first-year courses in two NBCC programs in the IT sector between now and the Fall of 2022. [&hellip;]","og_url":"https:\/\/atlanticcollegesatlantique.ca\/fr\/new-brunswick-community-college-information-technology\/","og_site_name":"Atlantic Colleges Atlantique","article_modified_time":"2024-03-31T04:40:00+00:00","og_image":[{"url":"http:\/\/atlanticcollegesatlantique.ca\/wp-content\/uploads\/2021\/06\/Screen-Shot-2021-06-24-at-10.29.21-PM.png","type":"","width":"","height":""}],"twitter_card":"summary_large_image","twitter_misc":{"Estimation du temps de lecture":"9 minutes"},"schema":{"@context":"https:\/\/schema.org","@graph":[{"@type":"WebPage","@id":"https:\/\/atlanticcollegesatlantique.ca\/new-brunswick-community-college-information-technology\/","url":"https:\/\/atlanticcollegesatlantique.ca\/new-brunswick-community-college-information-technology\/","name":"New Brunswick Community College \u2013 Information Technology - Atlantic Colleges Atlantique","isPartOf":{"@id":"https:\/\/atlanticcollegesatlantique.ca\/#website"},"primaryImageOfPage":{"@id":"https:\/\/atlanticcollegesatlantique.ca\/new-brunswick-community-college-information-technology\/#primaryimage"},"image":{"@id":"https:\/\/atlanticcollegesatlantique.ca\/new-brunswick-community-college-information-technology\/#primaryimage"},"thumbnailUrl":"http:\/\/atlanticcollegesatlantique.ca\/wp-content\/uploads\/2021\/06\/Screen-Shot-2021-06-24-at-10.29.21-PM.png","datePublished":"2021-07-29T05:00:23+00:00","dateModified":"2024-03-31T04:40:00+00:00","breadcrumb":{"@id":"https:\/\/atlanticcollegesatlantique.ca\/new-brunswick-community-college-information-technology\/#breadcrumb"},"inLanguage":"fr-CA","potentialAction":[{"@type":"ReadAction","target":["https:\/\/atlanticcollegesatlantique.ca\/new-brunswick-community-college-information-technology\/"]}]},{"@type":"ImageObject","inLanguage":"fr-CA","@id":"https:\/\/atlanticcollegesatlantique.ca\/new-brunswick-community-college-information-technology\/#primaryimage","url":"http:\/\/atlanticcollegesatlantique.ca\/wp-content\/uploads\/2021\/06\/Screen-Shot-2021-06-24-at-10.29.21-PM.png","contentUrl":"http:\/\/atlanticcollegesatlantique.ca\/wp-content\/uploads\/2021\/06\/Screen-Shot-2021-06-24-at-10.29.21-PM.png"},{"@type":"BreadcrumbList","@id":"https:\/\/atlanticcollegesatlantique.ca\/new-brunswick-community-college-information-technology\/#breadcrumb","itemListElement":[{"@type":"ListItem","position":1,"name":"Home","item":"https:\/\/atlanticcollegesatlantique.ca\/"},{"@type":"ListItem","position":2,"name":"New Brunswick Community College \u2013 Information Technology"}]},{"@type":"WebSite","@id":"https:\/\/atlanticcollegesatlantique.ca\/#website","url":"https:\/\/atlanticcollegesatlantique.ca\/","name":"Atlantic Colleges Atlantique","description":"","publisher":{"@id":"https:\/\/atlanticcollegesatlantique.ca\/#organization"},"potentialAction":[{"@type":"SearchAction","target":{"@type":"EntryPoint","urlTemplate":"https:\/\/atlanticcollegesatlantique.ca\/?s={search_term_string}"},"query-input":{"@type":"PropertyValueSpecification","valueRequired":true,"valueName":"search_term_string"}}],"inLanguage":"fr-CA"},{"@type":"Organization","@id":"https:\/\/atlanticcollegesatlantique.ca\/#organization","name":"Atlantic Colleges Atlantique","url":"https:\/\/atlanticcollegesatlantique.ca\/","logo":{"@type":"ImageObject","inLanguage":"fr-CA","@id":"https:\/\/atlanticcollegesatlantique.ca\/#\/schema\/logo\/image\/","url":"https:\/\/atlanticcollegesatlantique.ca\/wp-content\/uploads\/2021\/06\/web-logoAsset-1.png","contentUrl":"https:\/\/atlanticcollegesatlantique.ca\/wp-content\/uploads\/2021\/06\/web-logoAsset-1.png","width":183,"height":70,"caption":"Atlantic Colleges Atlantique"},"image":{"@id":"https:\/\/atlanticcollegesatlantique.ca\/#\/schema\/logo\/image\/"}}]}},"_links":{"self":[{"href":"https:\/\/atlanticcollegesatlantique.ca\/fr\/wp-json\/wp\/v2\/pages\/320","targetHints":{"allow":["GET"]}}],"collection":[{"href":"https:\/\/atlanticcollegesatlantique.ca\/fr\/wp-json\/wp\/v2\/pages"}],"about":[{"href":"https:\/\/atlanticcollegesatlantique.ca\/fr\/wp-json\/wp\/v2\/types\/page"}],"author":[{"embeddable":true,"href":"https:\/\/atlanticcollegesatlantique.ca\/fr\/wp-json\/wp\/v2\/users\/1"}],"replies":[{"embeddable":true,"href":"https:\/\/atlanticcollegesatlantique.ca\/fr\/wp-json\/wp\/v2\/comments?post=320"}],"version-history":[{"count":0,"href":"https:\/\/atlanticcollegesatlantique.ca\/fr\/wp-json\/wp\/v2\/pages\/320\/revisions"}],"wp:attachment":[{"href":"https:\/\/atlanticcollegesatlantique.ca\/fr\/wp-json\/wp\/v2\/media?parent=320"}],"curies":[{"name":"wp","href":"https:\/\/api.w.org\/{rel}","templated":true}]}}