{"id":229,"date":"2021-07-16T01:26:55","date_gmt":"2021-07-16T05:26:55","guid":{"rendered":"http:\/\/localhost:8888\/aca\/?page_id=229"},"modified":"2025-09-12T09:31:55","modified_gmt":"2025-09-12T13:31:55","slug":"teaching-learning","status":"publish","type":"page","link":"https:\/\/atlanticcollegesatlantique.ca\/fr\/teaching-learning\/","title":{"rendered":"Enseignement et apprentissage"},"content":{"rendered":"<div data-elementor-type=\"wp-page\" data-elementor-id=\"229\" class=\"elementor elementor-229\" data-elementor-post-type=\"page\">\n\t\t\t\t\t\t<section class=\"elementor-section elementor-top-section elementor-element elementor-element-67a4395 elementor-section-boxed elementor-section-height-default elementor-section-height-default\" data-id=\"67a4395\" data-element_type=\"section\" data-no-translation=\"\">\n\t\t\t\t\t\t<div class=\"elementor-container elementor-column-gap-default\">\n\t\t\t\t\t<div class=\"elementor-column elementor-col-100 elementor-top-column elementor-element elementor-element-3ab232c\" data-id=\"3ab232c\" data-element_type=\"column\">\n\t\t\t<div class=\"elementor-widget-wrap elementor-element-populated\">\n\t\t\t\t\t\t<div class=\"elementor-element elementor-element-2d32fb4 elementor-widget elementor-widget-heading\" data-id=\"2d32fb4\" data-element_type=\"widget\" data-widget_type=\"heading.default\">\n\t\t\t\t<div class=\"elementor-widget-container\">\n\t\t\t\t\t<h2 class=\"elementor-heading-title elementor-size-default\">\nL\u2019enseignement et l\u2019apprentissage est une priorit\u00e9 pour les coll\u00e8ges partenaires de l\u2019ACA. \n<\/h2>\t\t\t\t<\/div>\n\t\t\t\t<\/div>\n\t\t\t\t<div class=\"elementor-element elementor-element-b0a341d elementor-widget elementor-widget-text-editor\" data-id=\"b0a341d\" data-element_type=\"widget\" data-widget_type=\"text-editor.default\">\n\t\t\t\t<div class=\"elementor-widget-container\">\n\t\t\t\t\t\t\t\t\t<p>En existence depuis le d\u00e9but des ann\u00e9es soixante, les coll\u00e8ges atlantiques ont \u00e9tabli une r\u00e9putation d\u2019excellence en d\u00e9veloppement de comp\u00e9tences \u00e0 travers les diversit\u00e9 g\u00e9ographiques et \u00e9conomiques des quatre provinces.<\/p><p>\u00a0<\/p><p>Au Centre d\u2019innovation de l\u2019ACA, nous avons \u00e0 c\u0153ur l\u2019avancement de l\u2019enseignement et de l\u2019apprentissage en Atlantique. En utilisant le pouvoir collaborateur des communaut\u00e9s de pratique, les experts des sept coll\u00e8ges partenaires convergent pour examiner, discuter, partager, \u00e9tudier, et prendre des mesures afin de prioriser l\u2019enseignement et l\u2019apprentissage.<\/p><p>\u00a0Veuillez trouver ci-dessous, les enregistrements des webinaires pour appuyer votre apprentissage et encourager les pratiques d\u2019enseignement \u00e9quitables et inclusives (diffus\u00e9s en anglais avec sous-titre fran\u00e7ais).<\/p><p>\u00a0Exploration d\u2019un cadre de programme d\u2019\u00e9tudes autochtone bas\u00e9 sur les comp\u00e9tences, p\u00e9dagogie de la paix (\u00e0 venir bient\u00f4t\u2026)<\/p><ul><li>Aborder les iniquit\u00e9s en milieu postsecondaire (\u00e0 venir bient\u00f4t\u2026)<\/li><li>S\u00e9rie de webinaires de l\u2019ACA portant sur la conception universelle de l\u2019apprentissage<ul><li>Session 1\u00a0: Enseignement \u00e9quitable\u00a0: conception universelle de l\u2019apprentissage (CUA) et enseignement adapt\u00e9 \u00e0 la culture (EAC)<\/li><li>Session 2\u00a0: Cr\u00e9ation d\u2019une classe communautaire inclusive (\u00e0 venir bient\u00f4t\u2026)<\/li><li>Session\u00a03\u00a0: Mise en pratique de la conception universelle de l\u2019apprentissage (CUA) (\u00e0 venir bient\u00f4t\u2026)<\/li><\/ul><\/li><\/ul>\t\t\t\t\t\t\t\t<\/div>\n\t\t\t\t<\/div>\n\t\t\t\t\t<\/div>\n\t\t<\/div>\n\t\t\t\t\t<\/div>\n\t\t<\/section>\n\t\t\t\t<section class=\"elementor-section elementor-top-section elementor-element elementor-element-c7094c8 elementor-section-boxed elementor-section-height-default elementor-section-height-default\" data-id=\"c7094c8\" data-element_type=\"section\">\n\t\t\t\t\t\t<div class=\"elementor-container elementor-column-gap-default\">\n\t\t\t\t\t<div class=\"elementor-column elementor-col-100 elementor-top-column elementor-element elementor-element-0e28d24\" data-id=\"0e28d24\" data-element_type=\"column\">\n\t\t\t<div class=\"elementor-widget-wrap elementor-element-populated\">\n\t\t\t\t\t\t<div class=\"elementor-element elementor-element-b6efecf elementor-widget elementor-widget-heading\" data-id=\"b6efecf\" data-element_type=\"widget\" data-widget_type=\"heading.default\">\n\t\t\t\t<div class=\"elementor-widget-container\">\n\t\t\t\t\t<h2 class=\"elementor-heading-title elementor-size-default\">Webinars<\/h2>\t\t\t\t<\/div>\n\t\t\t\t<\/div>\n\t\t\t\t\t<\/div>\n\t\t<\/div>\n\t\t\t\t\t<\/div>\n\t\t<\/section>\n\t\t\t\t<section class=\"elementor-section elementor-top-section elementor-element elementor-element-589461b elementor-section-boxed elementor-section-height-default elementor-section-height-default\" data-id=\"589461b\" data-element_type=\"section\">\n\t\t\t\t\t\t<div class=\"elementor-container elementor-column-gap-default\">\n\t\t\t\t\t<div class=\"elementor-column elementor-col-100 elementor-top-column elementor-element elementor-element-4647c60\" data-id=\"4647c60\" data-element_type=\"column\">\n\t\t\t<div class=\"elementor-widget-wrap elementor-element-populated\">\n\t\t\t\t\t\t<div class=\"elementor-element elementor-element-becf8e7 elementor-widget elementor-widget-heading\" data-id=\"becf8e7\" data-element_type=\"widget\" data-widget_type=\"heading.default\">\n\t\t\t\t<div class=\"elementor-widget-container\">\n\t\t\t\t\t<h3 class=\"elementor-heading-title elementor-size-default\">ACA Universal Design for\nLearning Webinar Series<\/h3>\t\t\t\t<\/div>\n\t\t\t\t<\/div>\n\t\t\t\t\t<\/div>\n\t\t<\/div>\n\t\t\t\t\t<\/div>\n\t\t<\/section>\n\t\t\t\t<section class=\"elementor-section elementor-top-section elementor-element elementor-element-912b78e elementor-section-boxed elementor-section-height-default elementor-section-height-default\" data-id=\"912b78e\" data-element_type=\"section\">\n\t\t\t\t\t\t<div class=\"elementor-container elementor-column-gap-default\">\n\t\t\t\t\t<div class=\"elementor-column elementor-col-100 elementor-top-column elementor-element elementor-element-60a1b12\" data-id=\"60a1b12\" data-element_type=\"column\">\n\t\t\t<div class=\"elementor-widget-wrap elementor-element-populated\">\n\t\t\t\t\t\t<div class=\"elementor-element elementor-element-16df57c elementor-widget elementor-widget-heading\" data-id=\"16df57c\" data-element_type=\"widget\" data-widget_type=\"heading.default\">\n\t\t\t\t<div class=\"elementor-widget-container\">\n\t\t\t\t\t<h3 class=\"elementor-heading-title elementor-size-default\">SESSION 1: Equitable Teaching -  Universal Design for Learning (UDL) and Culturally Responsive Teaching (CRT) <\/h3>\t\t\t\t<\/div>\n\t\t\t\t<\/div>\n\t\t\t\t\t<\/div>\n\t\t<\/div>\n\t\t\t\t\t<\/div>\n\t\t<\/section>\n\t\t\t\t<section class=\"elementor-section elementor-top-section elementor-element elementor-element-9f63715 elementor-section-boxed elementor-section-height-default elementor-section-height-default\" data-id=\"9f63715\" data-element_type=\"section\">\n\t\t\t\t\t\t<div class=\"elementor-container elementor-column-gap-default\">\n\t\t\t\t\t<div class=\"elementor-column elementor-col-100 elementor-top-column elementor-element elementor-element-e88887d\" data-id=\"e88887d\" data-element_type=\"column\">\n\t\t\t<div class=\"elementor-widget-wrap elementor-element-populated\">\n\t\t\t\t\t\t<div class=\"elementor-element elementor-element-af4b4f6 elementor-widget elementor-widget-video\" data-id=\"af4b4f6\" data-element_type=\"widget\" data-settings=\"{&quot;video_type&quot;:&quot;vimeo&quot;,&quot;start&quot;:30}\" data-widget_type=\"video.default\">\n\t\t\t\t<div class=\"elementor-widget-container\">\n\t\t\t\t\t\t\t<div class=\"elementor-wrapper elementor-open-inline\">\n\t\t\t<iframe class=\"elementor-video-iframe\" allowfullscreen allow=\"clipboard-write\" title=\"vimeo Video Player\" src=\"https:\/\/player.vimeo.com\/video\/812258067?color&amp;autopause=0&amp;loop=0&amp;muted=0&amp;title=0&amp;portrait=1&amp;byline=1#t=00h00m30s\"><\/iframe>\t\t<\/div>\n\t\t\t\t\t\t<\/div>\n\t\t\t\t<\/div>\n\t\t\t\t\t<\/div>\n\t\t<\/div>\n\t\t\t\t\t<\/div>\n\t\t<\/section>\n\t\t\t\t<section class=\"elementor-section elementor-top-section elementor-element elementor-element-eb1be94 elementor-section-boxed elementor-section-height-default elementor-section-height-default\" data-id=\"eb1be94\" data-element_type=\"section\">\n\t\t\t\t\t\t<div class=\"elementor-container elementor-column-gap-default\">\n\t\t\t\t\t<div class=\"elementor-column elementor-col-100 elementor-top-column elementor-element elementor-element-4c35f62\" data-id=\"4c35f62\" data-element_type=\"column\">\n\t\t\t<div class=\"elementor-widget-wrap elementor-element-populated\">\n\t\t\t\t\t\t<div class=\"elementor-element elementor-element-f69bdea elementor-widget elementor-widget-heading\" data-id=\"f69bdea\" data-element_type=\"widget\" data-widget_type=\"heading.default\">\n\t\t\t\t<div class=\"elementor-widget-container\">\n\t\t\t\t\t<h3 class=\"elementor-heading-title elementor-size-default\">ACA Universal Design for\nLearning Webinar Series<\/h3>\t\t\t\t<\/div>\n\t\t\t\t<\/div>\n\t\t\t\t\t<\/div>\n\t\t<\/div>\n\t\t\t\t\t<\/div>\n\t\t<\/section>\n\t\t\t\t<section class=\"elementor-section elementor-top-section elementor-element elementor-element-87c1c55 elementor-section-boxed elementor-section-height-default elementor-section-height-default\" data-id=\"87c1c55\" data-element_type=\"section\">\n\t\t\t\t\t\t<div class=\"elementor-container elementor-column-gap-default\">\n\t\t\t\t\t<div class=\"elementor-column elementor-col-100 elementor-top-column elementor-element elementor-element-d670b42\" data-id=\"d670b42\" data-element_type=\"column\">\n\t\t\t<div class=\"elementor-widget-wrap elementor-element-populated\">\n\t\t\t\t\t\t<div class=\"elementor-element elementor-element-0477b4a elementor-widget elementor-widget-heading\" data-id=\"0477b4a\" data-element_type=\"widget\" data-widget_type=\"heading.default\">\n\t\t\t\t<div class=\"elementor-widget-container\">\n\t\t\t\t\t<h3 class=\"elementor-heading-title elementor-size-default\">SESSION 2: UDL Creating an Inclusive Classroom Community <\/h3>\t\t\t\t<\/div>\n\t\t\t\t<\/div>\n\t\t\t\t\t<\/div>\n\t\t<\/div>\n\t\t\t\t\t<\/div>\n\t\t<\/section>\n\t\t\t\t<section class=\"elementor-section elementor-top-section elementor-element elementor-element-404f8df elementor-section-boxed elementor-section-height-default elementor-section-height-default\" data-id=\"404f8df\" data-element_type=\"section\">\n\t\t\t\t\t\t<div class=\"elementor-container elementor-column-gap-default\">\n\t\t\t\t\t<div class=\"elementor-column elementor-col-100 elementor-top-column elementor-element elementor-element-90b1fd1\" data-id=\"90b1fd1\" data-element_type=\"column\">\n\t\t\t<div class=\"elementor-widget-wrap elementor-element-populated\">\n\t\t\t\t\t\t<div class=\"elementor-element elementor-element-f24fae4 elementor-widget elementor-widget-video\" data-id=\"f24fae4\" data-element_type=\"widget\" data-settings=\"{&quot;video_type&quot;:&quot;vimeo&quot;,&quot;start&quot;:904}\" data-widget_type=\"video.default\">\n\t\t\t\t<div class=\"elementor-widget-container\">\n\t\t\t\t\t\t\t<div class=\"elementor-wrapper elementor-open-inline\">\n\t\t\t<iframe class=\"elementor-video-iframe\" allowfullscreen allow=\"clipboard-write\" title=\"vimeo Video Player\" src=\"https:\/\/player.vimeo.com\/video\/821514104?color&amp;autopause=0&amp;loop=0&amp;muted=0&amp;title=1&amp;portrait=1&amp;byline=1#t=00h15m04s\"><\/iframe>\t\t<\/div>\n\t\t\t\t\t\t<\/div>\n\t\t\t\t<\/div>\n\t\t\t\t\t<\/div>\n\t\t<\/div>\n\t\t\t\t\t<\/div>\n\t\t<\/section>\n\t\t\t\t<section class=\"elementor-section elementor-top-section elementor-element elementor-element-3fdd89e elementor-section-boxed elementor-section-height-default elementor-section-height-default\" data-id=\"3fdd89e\" data-element_type=\"section\">\n\t\t\t\t\t\t<div class=\"elementor-container elementor-column-gap-default\">\n\t\t\t\t\t<div class=\"elementor-column elementor-col-100 elementor-top-column elementor-element elementor-element-3e50d7b\" data-id=\"3e50d7b\" data-element_type=\"column\">\n\t\t\t<div class=\"elementor-widget-wrap elementor-element-populated\">\n\t\t\t\t\t\t<div class=\"elementor-element elementor-element-4fd44c9 elementor-widget elementor-widget-heading\" data-id=\"4fd44c9\" data-element_type=\"widget\" data-widget_type=\"heading.default\">\n\t\t\t\t<div class=\"elementor-widget-container\">\n\t\t\t\t\t<h3 class=\"elementor-heading-title elementor-size-default\">ACA Universal Design for\nLearning Webinar Series (Session 3)<\/h3>\t\t\t\t<\/div>\n\t\t\t\t<\/div>\n\t\t\t\t\t<\/div>\n\t\t<\/div>\n\t\t\t\t\t<\/div>\n\t\t<\/section>\n\t\t\t\t<section class=\"elementor-section elementor-top-section elementor-element elementor-element-9873fb3 elementor-section-boxed elementor-section-height-default elementor-section-height-default\" data-id=\"9873fb3\" data-element_type=\"section\">\n\t\t\t\t\t\t<div class=\"elementor-container elementor-column-gap-default\">\n\t\t\t\t\t<div class=\"elementor-column elementor-col-100 elementor-top-column elementor-element elementor-element-5405ffb\" data-id=\"5405ffb\" data-element_type=\"column\">\n\t\t\t<div class=\"elementor-widget-wrap elementor-element-populated\">\n\t\t\t\t\t\t<div class=\"elementor-element elementor-element-96b498b elementor-widget elementor-widget-heading\" data-id=\"96b498b\" data-element_type=\"widget\" data-widget_type=\"heading.default\">\n\t\t\t\t<div class=\"elementor-widget-container\">\n\t\t\t\t\t<h3 class=\"elementor-heading-title elementor-size-default\">SESSION 3: UDL in Practice <\/h3>\t\t\t\t<\/div>\n\t\t\t\t<\/div>\n\t\t\t\t\t<\/div>\n\t\t<\/div>\n\t\t\t\t\t<\/div>\n\t\t<\/section>\n\t\t\t\t<section class=\"elementor-section elementor-top-section elementor-element elementor-element-d1ca3b8 elementor-section-boxed elementor-section-height-default elementor-section-height-default\" data-id=\"d1ca3b8\" data-element_type=\"section\">\n\t\t\t\t\t\t<div class=\"elementor-container elementor-column-gap-default\">\n\t\t\t\t\t<div class=\"elementor-column elementor-col-100 elementor-top-column elementor-element elementor-element-9444a32\" data-id=\"9444a32\" data-element_type=\"column\">\n\t\t\t<div class=\"elementor-widget-wrap elementor-element-populated\">\n\t\t\t\t\t\t<div class=\"elementor-element elementor-element-a33a23c elementor-widget elementor-widget-video\" data-id=\"a33a23c\" data-element_type=\"widget\" data-settings=\"{&quot;video_type&quot;:&quot;vimeo&quot;}\" data-widget_type=\"video.default\">\n\t\t\t\t<div class=\"elementor-widget-container\">\n\t\t\t\t\t\t\t<div class=\"elementor-wrapper elementor-open-inline\">\n\t\t\t<iframe class=\"elementor-video-iframe\" allowfullscreen allow=\"clipboard-write\" title=\"vimeo Video Player\" src=\"https:\/\/player.vimeo.com\/video\/847334135?color&amp;autopause=0&amp;loop=0&amp;muted=0&amp;title=1&amp;portrait=1&amp;byline=1#t=\"><\/iframe>\t\t<\/div>\n\t\t\t\t\t\t<\/div>\n\t\t\t\t<\/div>\n\t\t\t\t\t<\/div>\n\t\t<\/div>\n\t\t\t\t\t<\/div>\n\t\t<\/section>\n\t\t\t\t<section class=\"elementor-section elementor-top-section elementor-element elementor-element-98d262c elementor-section-boxed elementor-section-height-default elementor-section-height-default\" data-id=\"98d262c\" data-element_type=\"section\">\n\t\t\t\t\t\t<div class=\"elementor-container elementor-column-gap-default\">\n\t\t\t\t\t<div class=\"elementor-column elementor-col-100 elementor-top-column elementor-element elementor-element-5068f5a\" data-id=\"5068f5a\" data-element_type=\"column\">\n\t\t\t<div class=\"elementor-widget-wrap elementor-element-populated\">\n\t\t\t\t\t\t<div class=\"elementor-element elementor-element-06ba2b9 elementor-widget elementor-widget-heading\" data-id=\"06ba2b9\" data-element_type=\"widget\" data-widget_type=\"heading.default\">\n\t\t\t\t<div class=\"elementor-widget-container\">\n\t\t\t\t\t<h3 class=\"elementor-heading-title elementor-size-default\">Pedagogy of Peace Webinar<\/h3>\t\t\t\t<\/div>\n\t\t\t\t<\/div>\n\t\t\t\t\t<\/div>\n\t\t<\/div>\n\t\t\t\t\t<\/div>\n\t\t<\/section>\n\t\t\t\t<section class=\"elementor-section elementor-top-section elementor-element elementor-element-1f73960 elementor-section-boxed elementor-section-height-default elementor-section-height-default\" data-id=\"1f73960\" data-element_type=\"section\">\n\t\t\t\t\t\t<div class=\"elementor-container elementor-column-gap-default\">\n\t\t\t\t\t<div class=\"elementor-column elementor-col-100 elementor-top-column elementor-element elementor-element-11ab8a2\" data-id=\"11ab8a2\" data-element_type=\"column\">\n\t\t\t<div class=\"elementor-widget-wrap elementor-element-populated\">\n\t\t\t\t\t\t<div class=\"elementor-element elementor-element-a23be3b elementor-widget elementor-widget-video\" data-id=\"a23be3b\" data-element_type=\"widget\" data-settings=\"{&quot;video_type&quot;:&quot;vimeo&quot;}\" data-widget_type=\"video.default\">\n\t\t\t\t<div class=\"elementor-widget-container\">\n\t\t\t\t\t\t\t<div class=\"elementor-wrapper elementor-open-inline\">\n\t\t\t<iframe class=\"elementor-video-iframe\" allowfullscreen allow=\"clipboard-write\" title=\"vimeo Video Player\" src=\"https:\/\/player.vimeo.com\/video\/901999540?color&amp;autopause=0&amp;loop=0&amp;muted=0&amp;title=1&amp;portrait=1&amp;byline=1#t=\"><\/iframe>\t\t<\/div>\n\t\t\t\t\t\t<\/div>\n\t\t\t\t<\/div>\n\t\t\t\t\t<\/div>\n\t\t<\/div>\n\t\t\t\t\t<\/div>\n\t\t<\/section>\n\t\t\t\t<\/div>","protected":false},"excerpt":{"rendered":"<p>Teaching and Learning is a priority for ACA Partner Colleges Operating since the early 1960\u2019s, Atlantique colleges have a history of excellence in skill development across the diverse geographies and economies of our four provinces. At the Innovation Centre, advancing Teaching and Learning across the Atlantic is at the heart of what we dedicate ourselves [&hellip;]<\/p>","protected":false},"author":1,"featured_media":0,"parent":0,"menu_order":0,"comment_status":"closed","ping_status":"closed","template":"","meta":{"footnotes":""},"class_list":["post-229","page","type-page","status-publish","hentry"],"yoast_head":"<!-- This site is optimized with the Yoast SEO plugin v27.5 - https:\/\/yoast.com\/product\/yoast-seo-wordpress\/ -->\n<title>Teaching and Learning Webinars \u2013 Atlantic Colleges Atlantique<\/title>\n<meta name=\"description\" content=\"Access ACA\u2019s Teaching and Learning webinars with resources and training to support learners across Atlantic Canada\u2019s colleges.\" \/>\n<meta name=\"robots\" content=\"index, follow, max-snippet:-1, max-image-preview:large, max-video-preview:-1\" \/>\n<link rel=\"canonical\" href=\"https:\/\/atlanticcollegesatlantique.ca\/fr\/teaching-learning\/\" \/>\n<meta property=\"og:locale\" content=\"fr_CA\" \/>\n<meta property=\"og:type\" content=\"article\" \/>\n<meta property=\"og:title\" content=\"Teaching and Learning Webinars \u2013 Atlantic Colleges Atlantique\" \/>\n<meta property=\"og:description\" content=\"Access ACA\u2019s Teaching and Learning webinars with resources and training to support learners across Atlantic Canada\u2019s colleges.\" \/>\n<meta property=\"og:url\" content=\"https:\/\/atlanticcollegesatlantique.ca\/fr\/teaching-learning\/\" \/>\n<meta property=\"og:site_name\" content=\"Atlantic Colleges Atlantique\" \/>\n<meta property=\"article:modified_time\" content=\"2025-09-12T13:31:55+00:00\" \/>\n<meta name=\"twitter:card\" content=\"summary_large_image\" \/>\n<meta name=\"twitter:label1\" content=\"Estimation du temps de lecture\" \/>\n\t<meta name=\"twitter:data1\" content=\"2 minutes\" \/>\n<script type=\"application\/ld+json\" class=\"yoast-schema-graph\">{\"@context\":\"https:\\\/\\\/schema.org\",\"@graph\":[{\"@type\":\"WebPage\",\"@id\":\"https:\\\/\\\/atlanticcollegesatlantique.ca\\\/teaching-learning\\\/\",\"url\":\"https:\\\/\\\/atlanticcollegesatlantique.ca\\\/teaching-learning\\\/\",\"name\":\"Teaching and Learning Webinars \u2013 Atlantic Colleges Atlantique\",\"isPartOf\":{\"@id\":\"https:\\\/\\\/atlanticcollegesatlantique.ca\\\/#website\"},\"datePublished\":\"2021-07-16T05:26:55+00:00\",\"dateModified\":\"2025-09-12T13:31:55+00:00\",\"description\":\"Access ACA\u2019s Teaching and Learning webinars with resources and training to support learners across Atlantic Canada\u2019s colleges.\",\"breadcrumb\":{\"@id\":\"https:\\\/\\\/atlanticcollegesatlantique.ca\\\/teaching-learning\\\/#breadcrumb\"},\"inLanguage\":\"fr-CA\",\"potentialAction\":[{\"@type\":\"ReadAction\",\"target\":[\"https:\\\/\\\/atlanticcollegesatlantique.ca\\\/teaching-learning\\\/\"]}]},{\"@type\":\"BreadcrumbList\",\"@id\":\"https:\\\/\\\/atlanticcollegesatlantique.ca\\\/teaching-learning\\\/#breadcrumb\",\"itemListElement\":[{\"@type\":\"ListItem\",\"position\":1,\"name\":\"Home\",\"item\":\"https:\\\/\\\/atlanticcollegesatlantique.ca\\\/\"},{\"@type\":\"ListItem\",\"position\":2,\"name\":\"Teaching &#038; Learning\"}]},{\"@type\":\"WebSite\",\"@id\":\"https:\\\/\\\/atlanticcollegesatlantique.ca\\\/#website\",\"url\":\"https:\\\/\\\/atlanticcollegesatlantique.ca\\\/\",\"name\":\"Atlantic Colleges Atlantique\",\"description\":\"\",\"publisher\":{\"@id\":\"https:\\\/\\\/atlanticcollegesatlantique.ca\\\/#organization\"},\"potentialAction\":[{\"@type\":\"SearchAction\",\"target\":{\"@type\":\"EntryPoint\",\"urlTemplate\":\"https:\\\/\\\/atlanticcollegesatlantique.ca\\\/?s={search_term_string}\"},\"query-input\":{\"@type\":\"PropertyValueSpecification\",\"valueRequired\":true,\"valueName\":\"search_term_string\"}}],\"inLanguage\":\"fr-CA\"},{\"@type\":\"Organization\",\"@id\":\"https:\\\/\\\/atlanticcollegesatlantique.ca\\\/#organization\",\"name\":\"Atlantic Colleges Atlantique\",\"url\":\"https:\\\/\\\/atlanticcollegesatlantique.ca\\\/\",\"logo\":{\"@type\":\"ImageObject\",\"inLanguage\":\"fr-CA\",\"@id\":\"https:\\\/\\\/atlanticcollegesatlantique.ca\\\/#\\\/schema\\\/logo\\\/image\\\/\",\"url\":\"https:\\\/\\\/atlanticcollegesatlantique.ca\\\/wp-content\\\/uploads\\\/2021\\\/06\\\/web-logoAsset-1.png\",\"contentUrl\":\"https:\\\/\\\/atlanticcollegesatlantique.ca\\\/wp-content\\\/uploads\\\/2021\\\/06\\\/web-logoAsset-1.png\",\"width\":183,\"height\":70,\"caption\":\"Atlantic Colleges Atlantique\"},\"image\":{\"@id\":\"https:\\\/\\\/atlanticcollegesatlantique.ca\\\/#\\\/schema\\\/logo\\\/image\\\/\"}}]}<\/script>\n<!-- \/ Yoast SEO plugin. -->","yoast_head_json":{"title":"Teaching and Learning Webinars \u2013 Atlantic Colleges Atlantique","description":"Access ACA\u2019s Teaching and Learning webinars with resources and training to support learners across Atlantic Canada\u2019s colleges.","robots":{"index":"index","follow":"follow","max-snippet":"max-snippet:-1","max-image-preview":"max-image-preview:large","max-video-preview":"max-video-preview:-1"},"canonical":"https:\/\/atlanticcollegesatlantique.ca\/fr\/teaching-learning\/","og_locale":"fr_CA","og_type":"article","og_title":"Teaching and Learning Webinars \u2013 Atlantic Colleges Atlantique","og_description":"Access ACA\u2019s Teaching and Learning webinars with resources and training to support learners across Atlantic Canada\u2019s colleges.","og_url":"https:\/\/atlanticcollegesatlantique.ca\/fr\/teaching-learning\/","og_site_name":"Atlantic Colleges Atlantique","article_modified_time":"2025-09-12T13:31:55+00:00","twitter_card":"summary_large_image","twitter_misc":{"Estimation du temps de lecture":"2 minutes"},"schema":{"@context":"https:\/\/schema.org","@graph":[{"@type":"WebPage","@id":"https:\/\/atlanticcollegesatlantique.ca\/teaching-learning\/","url":"https:\/\/atlanticcollegesatlantique.ca\/teaching-learning\/","name":"Teaching and Learning Webinars \u2013 Atlantic Colleges Atlantique","isPartOf":{"@id":"https:\/\/atlanticcollegesatlantique.ca\/#website"},"datePublished":"2021-07-16T05:26:55+00:00","dateModified":"2025-09-12T13:31:55+00:00","description":"Access ACA\u2019s Teaching and Learning webinars with resources and training to support learners across Atlantic Canada\u2019s colleges.","breadcrumb":{"@id":"https:\/\/atlanticcollegesatlantique.ca\/teaching-learning\/#breadcrumb"},"inLanguage":"fr-CA","potentialAction":[{"@type":"ReadAction","target":["https:\/\/atlanticcollegesatlantique.ca\/teaching-learning\/"]}]},{"@type":"BreadcrumbList","@id":"https:\/\/atlanticcollegesatlantique.ca\/teaching-learning\/#breadcrumb","itemListElement":[{"@type":"ListItem","position":1,"name":"Home","item":"https:\/\/atlanticcollegesatlantique.ca\/"},{"@type":"ListItem","position":2,"name":"Teaching &#038; Learning"}]},{"@type":"WebSite","@id":"https:\/\/atlanticcollegesatlantique.ca\/#website","url":"https:\/\/atlanticcollegesatlantique.ca\/","name":"Atlantic Colleges Atlantique","description":"","publisher":{"@id":"https:\/\/atlanticcollegesatlantique.ca\/#organization"},"potentialAction":[{"@type":"SearchAction","target":{"@type":"EntryPoint","urlTemplate":"https:\/\/atlanticcollegesatlantique.ca\/?s={search_term_string}"},"query-input":{"@type":"PropertyValueSpecification","valueRequired":true,"valueName":"search_term_string"}}],"inLanguage":"fr-CA"},{"@type":"Organization","@id":"https:\/\/atlanticcollegesatlantique.ca\/#organization","name":"Atlantic Colleges Atlantique","url":"https:\/\/atlanticcollegesatlantique.ca\/","logo":{"@type":"ImageObject","inLanguage":"fr-CA","@id":"https:\/\/atlanticcollegesatlantique.ca\/#\/schema\/logo\/image\/","url":"https:\/\/atlanticcollegesatlantique.ca\/wp-content\/uploads\/2021\/06\/web-logoAsset-1.png","contentUrl":"https:\/\/atlanticcollegesatlantique.ca\/wp-content\/uploads\/2021\/06\/web-logoAsset-1.png","width":183,"height":70,"caption":"Atlantic Colleges Atlantique"},"image":{"@id":"https:\/\/atlanticcollegesatlantique.ca\/#\/schema\/logo\/image\/"}}]}},"_links":{"self":[{"href":"https:\/\/atlanticcollegesatlantique.ca\/fr\/wp-json\/wp\/v2\/pages\/229","targetHints":{"allow":["GET"]}}],"collection":[{"href":"https:\/\/atlanticcollegesatlantique.ca\/fr\/wp-json\/wp\/v2\/pages"}],"about":[{"href":"https:\/\/atlanticcollegesatlantique.ca\/fr\/wp-json\/wp\/v2\/types\/page"}],"author":[{"embeddable":true,"href":"https:\/\/atlanticcollegesatlantique.ca\/fr\/wp-json\/wp\/v2\/users\/1"}],"replies":[{"embeddable":true,"href":"https:\/\/atlanticcollegesatlantique.ca\/fr\/wp-json\/wp\/v2\/comments?post=229"}],"version-history":[{"count":4,"href":"https:\/\/atlanticcollegesatlantique.ca\/fr\/wp-json\/wp\/v2\/pages\/229\/revisions"}],"predecessor-version":[{"id":1413,"href":"https:\/\/atlanticcollegesatlantique.ca\/fr\/wp-json\/wp\/v2\/pages\/229\/revisions\/1413"}],"wp:attachment":[{"href":"https:\/\/atlanticcollegesatlantique.ca\/fr\/wp-json\/wp\/v2\/media?parent=229"}],"curies":[{"name":"wp","href":"https:\/\/api.w.org\/{rel}","templated":true}]}}